{"id":120,"date":"2014-05-03T22:58:09","date_gmt":"2014-05-03T20:58:09","guid":{"rendered":"http:\/\/www.wp.regular-joe.de\/?page_id=120"},"modified":"2014-05-03T22:58:09","modified_gmt":"2014-05-03T20:58:09","slug":"ueber-uns","status":"publish","type":"page","link":"http:\/\/www.wp.regular-joe.de\/","title":{"rendered":"\u00dcber uns"},"content":{"rendered":"<p><span class=\"standardfett\"><img loading=\"lazy\" class=\" size-full wp-image-5\" title=\"Auftritt im J\u00e4gerhaus\" src=\"http:\/\/www.wp.regular-joe.de\/wp-content\/uploads\/2009\/09\/auftritt_jaegerhaus.jpg\" alt=\"Auftritt im J\u00e4gerhaus\" width=\"300\" height=\"242\" border=\"0\" \/><br \/>\n<\/span><\/p>\n<p><span class=\"standardfett\">REGULAR JOE<\/span> ist ein Duo bestehend aus<span class=\"standardfett\"><br \/>\nJochen Strohbeck<\/span> (Gitarre<span class=\"Stil3\">\/rechts im Bild<\/span>) und <span class=\"standardfett\"><br \/>\nAndreas Joklitschke<\/span> (Gesang<span class=\"Stil3\">\/links im Bild<\/span>).<\/p>\n<p>Wir spielen uns quer durch die Jahrzehnte &#8211; von den Siebzigern bis heute und bedienen uns dabei bei Bands und K\u00fcnstlern wie z.B. CCR, Lynyrd Skynyrd, Cat Stevens, Bob Dylan aber auch Jack Johnson, Metallica, Red Hot Chili Peppers oder Green Day. Hin und wieder mogeln sich auch eigene Songs ins Programm. &#8222;Deutsches Liedgut&#8220; wie Schlager usw. und allzu ausgemergelte Gassenhauer bleiben au\u00dfen vor.<\/p>\n<p>Diese Mischung wird durch unseren eigenen Stil auf einen Nenner gebracht. Wir spielen die Songs dabei nicht Note f\u00fcr Note nach sondern auch mal ein bisschen eigenwillig, aber immer erkennbar.<\/p>\n<p>Dabei geht es uns vor allem um den Spa\u00df am Musik machen. Deshalb treten wir gerne in gem\u00fctlichen Kneipen und Bierg\u00e4rten auf. Wir brauchen gerade mal Platz f\u00fcr unsere Barhocker und unsere Box in die wir unsere Mikros und Gitarren einst\u00f6pseln k\u00f6nnen.<\/p>\n<p>Durch unsere PA sind wir auch f\u00fcr gr\u00f6\u00dfere Events wie Firmen-, Geburtstags- und Hochzeitsfeiern ger\u00fcstet so dass wir bis zu 500 Personen mit Musik versorgen k\u00f6nnen.<\/p>\n<p>Gerne spielen wir auch ganz unverst\u00e4rkt nur mit Gesang und Akustikgitarren z.B. bei einer Trauung oder Aussegnung.<\/p>\n","protected":false},"excerpt":{"rendered":"<p>REGULAR JOE ist ein Duo bestehend aus Jochen Strohbeck (Gitarre\/rechts im Bild) und Andreas Joklitschke (Gesang\/links im Bild). Wir spielen uns quer durch die Jahrzehnte &#8211; von den Siebzigern bis heute und bedienen uns dabei bei Bands und K\u00fcnstlern wie z.B. CCR, Lynyrd Skynyrd, Cat Stevens, Bob Dylan aber auch Jack Johnson, Metallica, Red Hot [&hellip;]<\/p>\n","protected":false},"author":1,"featured_media":0,"parent":0,"menu_order":0,"comment_status":"open","ping_status":"open","template":"","meta":[],"_links":{"self":[{"href":"http:\/\/www.wp.regular-joe.de\/index.php?rest_route=\/wp\/v2\/pages\/120"}],"collection":[{"href":"http:\/\/www.wp.regular-joe.de\/index.php?rest_route=\/wp\/v2\/pages"}],"about":[{"href":"http:\/\/www.wp.regular-joe.de\/index.php?rest_route=\/wp\/v2\/types\/page"}],"author":[{"embeddable":true,"href":"http:\/\/www.wp.regular-joe.de\/index.php?rest_route=\/wp\/v2\/users\/1"}],"replies":[{"embeddable":true,"href":"http:\/\/www.wp.regular-joe.de\/index.php?rest_route=%2Fwp%2Fv2%2Fcomments&post=120"}],"version-history":[{"count":3,"href":"http:\/\/www.wp.regular-joe.de\/index.php?rest_route=\/wp\/v2\/pages\/120\/revisions"}],"predecessor-version":[{"id":124,"href":"http:\/\/www.wp.regular-joe.de\/index.php?rest_route=\/wp\/v2\/pages\/120\/revisions\/124"}],"wp:attachment":[{"href":"http:\/\/www.wp.regular-joe.de\/index.php?rest_route=%2Fwp%2Fv2%2Fmedia&parent=120"}],"curies":[{"name":"wp","href":"https:\/\/api.w.org\/{rel}","templated":true}]}}